{"id":6642,"date":"2013-08-30T15:50:26","date_gmt":"2013-08-30T15:50:26","guid":{"rendered":"https:\/\/www.il-trillo.com\/i-nostri-corsi\/"},"modified":"2017-10-09T15:58:20","modified_gmt":"2017-10-09T15:58:20","slug":"i-nostri-corsi","status":"publish","type":"page","link":"https:\/\/www.il-trillo.com\/en\/i-nostri-corsi\/","title":{"rendered":"I nostri corsi"},"content":{"rendered":"<p>[vc_row][vc_column width=&#8221;1\/2&#8243;][vc_column_text]<\/p>\n<p style=\"text-align: justify;\">Per noi suonare vuol dire sperimentare le proprie capacit\u00e0 e soddisfare il proprio desiderio creativo annullando la paura di sbagliare.La scuola \u00e8 suddivisa in Dipartimenti che propongono numerosi corsi rivolti a diverse fasce d&#8217;et\u00e0.<\/p>\n<p style=\"text-align: justify;\">Le lezioni possono essere, individuali, a coppia o collettive. Il nostro primo obiettivo \u00e8 quello di favorire un apprendimento pratico e diretto dello strumento e del canto tramite nuove metodologie didattiche. Fin dalla prima lezione gli studenti acquisiscono cos\u00ec un modo per poter suonare o cantare sia da soli che in gruppi.<\/p>\n<ul style=\"list-style-type: square;\">\n<li><a title=\"Corsi per bambini\" href=\"http:\/\/www.il-trillo.com\/corsi-bambini\/\">Corsi per Bambini<\/a><\/li>\n<li><a title=\"Corsi di Musica Classica\" href=\"http:\/\/www.il-trillo.com\/musica-classica\/\">Corsi di Musica Classica<\/a><\/li>\n<li><a title=\"Corsi di musica pop\/rock\" href=\"http:\/\/www.il-trillo.com\/musica-pop-rock\/\">Corsi di Musica Pop\/Rock<\/a><\/li>\n<li><a title=\"Corsi di musica Jazz\" href=\"http:\/\/www.il-trillo.com\/corsi-musica-jazz\/\">Corsi di Musica Jazz<\/a><\/li>\n<li><a title=\"Musicoterapia\" href=\"http:\/\/www.il-trillo.com\/percorsi-musicoterapia\/\">Percorsi di Musicoterapia<\/a><\/li>\n<li><a title=\"Programmi didattici\" href=\"http:\/\/www.il-trillo.com\/i-nostri-corsi\/programmi-didattici\/\">Programmi didattici <\/a><\/li>\n<li><a title=\"Curriculum Docenti\" href=\"http:\/\/www.il-trillo.com\/i-nostri-corsi\/curriculum-docenti\/\">Curriculum Docenti<\/a><\/li>\n<li><a href=\"http:\/\/Warning: Invalid argument supplied for foreach() in \/home\/iltrillo\/public_html\/wp-content\/plugins\/sitepress-multilingual-cms\/inc\/cache.php on line 44 Warning: Cannot modify header information - headers already sent by (output started at \/home\/iltrillo\/public_html\/wp-content\/plugins\/sitepress-multilingual-cms\/inc\/cache.php:44) in \/home\/iltrillo\/public_html\/wp-admin\/post.php on line 235\">Centri Estivi\u00a0<\/a><\/li>\n<\/ul>\n<p>[\/vc_column_text][\/vc_column][vc_column width=&#8221;1\/2&#8243;][vc_gallery type=&#8221;image_grid&#8221; interval=&#8221;5&#8243; images=&#8221;3176,3391&#8243; size=&#8221;200X200&#8243; onclick=&#8221;link_image&#8221; custom_links_target=&#8221;_self&#8221; img_size=&#8221;300&#215;200&#8243;][\/vc_column][\/vc_row]<\/p>\n","protected":false},"excerpt":{"rendered":"<p>[vc_row][vc_column width=&#8221;1\/2&#8243;][vc_column_text] Per noi suonare vuol dire sperimentare le proprie capacit\u00e0 e soddisfare il proprio desiderio creativo annullando la paura di sbagliare.La scuola \u00e8 suddivisa [&hellip;]<\/p>\n","protected":false},"author":1,"featured_media":0,"parent":0,"menu_order":0,"comment_status":"closed","ping_status":"closed","template":"","meta":{"footnotes":""},"class_list":["post-6642","page","type-page","status-publish","hentry"],"_links":{"self":[{"href":"https:\/\/www.il-trillo.com\/en\/wp-json\/wp\/v2\/pages\/6642","targetHints":{"allow":["GET"]}}],"collection":[{"href":"https:\/\/www.il-trillo.com\/en\/wp-json\/wp\/v2\/pages"}],"about":[{"href":"https:\/\/www.il-trillo.com\/en\/wp-json\/wp\/v2\/types\/page"}],"author":[{"embeddable":true,"href":"https:\/\/www.il-trillo.com\/en\/wp-json\/wp\/v2\/users\/1"}],"replies":[{"embeddable":true,"href":"https:\/\/www.il-trillo.com\/en\/wp-json\/wp\/v2\/comments?post=6642"}],"version-history":[{"count":1,"href":"https:\/\/www.il-trillo.com\/en\/wp-json\/wp\/v2\/pages\/6642\/revisions"}],"predecessor-version":[{"id":6643,"href":"https:\/\/www.il-trillo.com\/en\/wp-json\/wp\/v2\/pages\/6642\/revisions\/6643"}],"wp:attachment":[{"href":"https:\/\/www.il-trillo.com\/en\/wp-json\/wp\/v2\/media?parent=6642"}],"curies":[{"name":"wp","href":"https:\/\/api.w.org\/{rel}","templated":true}]}}