{"id":6648,"date":"2013-09-03T16:53:34","date_gmt":"2013-09-03T16:53:34","guid":{"rendered":"https:\/\/www.il-trillo.com\/i-nostri-corsi\/programmi-didattici\/"},"modified":"2017-10-09T16:10:55","modified_gmt":"2017-10-09T16:10:55","slug":"programmi-didattici","status":"publish","type":"page","link":"https:\/\/www.il-trillo.com\/en\/i-nostri-corsi\/programmi-didattici\/","title":{"rendered":"Programmi didattici"},"content":{"rendered":"<p>[vc_row][vc_column][vc_column_text]<\/p>\n<p style=\"text-align: justify;\">I corsi prevedono lezioni individuali, a coppia e di musica d&#8217;insieme. Durata delle lezioni: 30, 45, 60 minuti.<\/p>\n<p style=\"text-align: justify;\">Il nostro primo obiettivo \u00e8 quello di favorire un apprendimento pratico e diretto dello strumento e del canto tramite nuove metodologie didattiche. Fin dalla prima lezione gli studenti acquisiscono cos\u00ec un modo per poter suonare o cantare sia da soli che in gruppi. Per i piccoli le attivit\u00e0 sono basate su un approccio ludico e creativo, per i\u00a0 grandi \u00e8 previsto uno studio\u00a0 \u201csu misura\u201d che prevede un programma capace\u00a0 di soddisfare\u00a0 precise richieste personali. Per chi invece vuole prepararsi per affrontare un esame di ammissione in conservatorio l&#8217;iter formativo affronta tutti gli aspetti richiesti dai programmi ministeriali<\/p>\n<p style=\"text-align: justify;\">Per ampliare la preparazione per tutti i livelli e tutte le sezioni sono previste varie tipologie di attivit\u00e0 di musica d&#8217;insieme. Per i livelli pi\u00f9 avanzati \u00e8 possibile anche ottenere, su richiesta dell&#8217;allievo, un diploma attestante il grado raggiunto. In questo caso l\u2019allievo deve tenere un piccolo esame per verificare le competenze raggiunte in base ad un programma concordato con l\u2019insegnante<\/p>\n<p>[\/vc_column_text][\/vc_column][\/vc_row][vc_row][vc_column][vc_basic_grid post_type=&#8221;post&#8221; max_items=&#8221;100&#8243; gap=&#8221;35&#8243; grid_id=&#8221;vc_gid:1507565440888-d4801995-256d-1&#8243; taxonomies=&#8221;112&#8243;][\/vc_column][\/vc_row]<\/p>\n","protected":false},"excerpt":{"rendered":"<p>[vc_row][vc_column][vc_column_text] I corsi prevedono lezioni individuali, a coppia e di musica d&#8217;insieme. Durata delle lezioni: 30, 45, 60 minuti. Il nostro primo obiettivo \u00e8 quello [&hellip;]<\/p>\n","protected":false},"author":1,"featured_media":0,"parent":6642,"menu_order":0,"comment_status":"closed","ping_status":"closed","template":"","meta":{"footnotes":""},"class_list":["post-6648","page","type-page","status-publish","hentry"],"_links":{"self":[{"href":"https:\/\/www.il-trillo.com\/en\/wp-json\/wp\/v2\/pages\/6648","targetHints":{"allow":["GET"]}}],"collection":[{"href":"https:\/\/www.il-trillo.com\/en\/wp-json\/wp\/v2\/pages"}],"about":[{"href":"https:\/\/www.il-trillo.com\/en\/wp-json\/wp\/v2\/types\/page"}],"author":[{"embeddable":true,"href":"https:\/\/www.il-trillo.com\/en\/wp-json\/wp\/v2\/users\/1"}],"replies":[{"embeddable":true,"href":"https:\/\/www.il-trillo.com\/en\/wp-json\/wp\/v2\/comments?post=6648"}],"version-history":[{"count":3,"href":"https:\/\/www.il-trillo.com\/en\/wp-json\/wp\/v2\/pages\/6648\/revisions"}],"predecessor-version":[{"id":6691,"href":"https:\/\/www.il-trillo.com\/en\/wp-json\/wp\/v2\/pages\/6648\/revisions\/6691"}],"up":[{"embeddable":true,"href":"https:\/\/www.il-trillo.com\/en\/wp-json\/wp\/v2\/pages\/6642"}],"wp:attachment":[{"href":"https:\/\/www.il-trillo.com\/en\/wp-json\/wp\/v2\/media?parent=6648"}],"curies":[{"name":"wp","href":"https:\/\/api.w.org\/{rel}","templated":true}]}}